{"id":251,"date":"2025-02-25T16:14:45","date_gmt":"2025-02-25T15:14:45","guid":{"rendered":"https:\/\/olejniktattoo.com\/?page_id=251"},"modified":"2025-12-21T10:37:14","modified_gmt":"2025-12-21T09:37:14","slug":"wolne-wzory","status":"publish","type":"page","link":"https:\/\/olejniktattoo.com\/english\/wolne-wzory\/","title":{"rendered":"Available designs"},"content":{"rendered":"<style>.wp-block-kadence-advancedheading.kt-adv-heading251_e04d8a-c1, .wp-block-kadence-advancedheading.kt-adv-heading251_e04d8a-c1[data-kb-block=\"kb-adv-heading251_e04d8a-c1\"]{text-align:center;font-style:normal;}.wp-block-kadence-advancedheading.kt-adv-heading251_e04d8a-c1 mark.kt-highlight, .wp-block-kadence-advancedheading.kt-adv-heading251_e04d8a-c1[data-kb-block=\"kb-adv-heading251_e04d8a-c1\"] mark.kt-highlight{font-style:normal;color:#f76a0c;-webkit-box-decoration-break:clone;box-decoration-break:clone;padding-top:0px;padding-right:0px;padding-bottom:0px;padding-left:0px;}.wp-block-kadence-advancedheading.kt-adv-heading251_e04d8a-c1 img.kb-inline-image, .wp-block-kadence-advancedheading.kt-adv-heading251_e04d8a-c1[data-kb-block=\"kb-adv-heading251_e04d8a-c1\"] img.kb-inline-image{width:150px;vertical-align:baseline;}<\/style>\n<h1 class=\"kt-adv-heading251_e04d8a-c1 wp-block-kadence-advancedheading\" data-kb-block=\"kb-adv-heading251_e04d8a-c1\">Wolne wzory<\/h1>\n\n\n<style>.wp-block-kadence-spacer.kt-block-spacer-251_3265e8-90 .kt-block-spacer{height:100px;}.wp-block-kadence-spacer.kt-block-spacer-251_3265e8-90 .kt-divider{border-top-width:2px;border-top-color:var(--global-palette2, #2B6CB0);width:80%;border-top-style:solid;}<\/style>\n<div class=\"wp-block-kadence-spacer aligncenter kt-block-spacer-251_3265e8-90\"><div class=\"kt-block-spacer kt-block-spacer-halign-center\"><hr class=\"kt-divider\"\/><\/div><\/div>\n\n\n<style>.kb-gallery-id-251_21ccb7-c7.kb-gallery-ul.kb-gallery-type-fluidcarousel .kt-blocks-carousel figure .kb-gal-image-radius, .kb-gallery-id-251_21ccb7-c7.kb-gallery-ul.kb-gallery-type-fluidcarousel .kt-blocks-carousel figure .kb-gal-image-radius img{height:500px;}.kb-gallery-id-251_21ccb7-c7 .kadence-blocks-gallery-item .kb-gal-image-radius, .kb-gallery-id-251_21ccb7-c7 .kb-slide-item .kb-gal-image-radius img{border-radius:0px 0px 0px 0px;;}.kb-gallery-caption-style-cover-hover.kb-gallery-id-251_21ccb7-c7 .kadence-blocks-gallery-item .kadence-blocks-gallery-item-inner .kadence-blocks-gallery-item__caption, .kb-gallery-caption-style-below.kb-gallery-id-251_21ccb7-c7 .kadence-blocks-gallery-item .kadence-blocks-gallery-item-inner .kadence-blocks-gallery-item__caption{background:rgba(0, 0, 0, 0.8);}.kb-gallery-wrap-id-251_21ccb7-c7.wp-block-kadence-advancedgallery{overflow:visible;}.kb-gallery-wrap-id-251_21ccb7-c7.wp-block-kadence-advancedgallery .kt-blocks-carousel{overflow:visible;max-width:100%;}<\/style><div class=\"kb-gallery-wrap-id-251_21ccb7-c7 alignnone wp-block-kadence-advancedgallery\"><div class=\"kb-gallery-ul kb-gallery-non-static kb-gallery-type-fluidcarousel kb-gallery-id-251_21ccb7-c7 kb-gallery-caption-style-cover-hover kb-gallery-filter-none kb-gallery-magnific-init\" data-image-filter=\"none\" data-lightbox-caption=\"true\"><div class=\"kt-blocks-carousel splide kt-carousel-container-dotstyle-dark kt-carousel-arrowstyle-whiteondark kt-carousel-dotstyle-dark kb-slider-group-arrow kb-slider-arrow-position-center\" data-slider-anim-speed=\"400\" data-slider-scroll=\"1\" data-slider-arrows=\"true\" data-slider-dots=\"true\" data-slider-hover-pause=\"false\" data-slider-auto=\"1\" data-slider-speed=\"2500\" data-slider-type=\"fluidcarousel\" data-slider-center-mode=\"true\" data-slider-gap=\"10px\" data-slider-gap-tablet=\"10px\" data-slider-gap-mobile=\"10px\" data-show-pause-button=\"false\"><div class=\"splide__track\"><ul class=\"kt-blocks-carousel-init kb-blocks-fluid-carousel splide__list\"><li class=\"kb-slide-item kb-gallery-carousel-item splide__slide\"><div class=\"kadence-blocks-gallery-item\"><div class=\"kadence-blocks-gallery-item-inner\"><figure class=\"kb-gallery-figure kb-gallery-item-has-link kadence-blocks-gallery-item-has-caption\"><a href=\"https:\/\/olejniktattoo.com\/wp-content\/uploads\/2025\/03\/Grafika_bez_nazwy-2-scaled.jpg\" data-description=\"Unikalny wz\u00f3r tatua\u017cu \u0142\u0105cz\u0105cy mikrorealizm i abstrakcj\u0119 \u2013 ptak o subtelnie rozmytych kszta\u0142tach, wzbogacony ornamentalnym detalem. Symbol wolno\u015bci, delikatno\u015bci i tajemnicy, idealny na przedrami\u0119, rami\u0119 lub udo. Wykonany w precyzyjnym stylu fineline, nadaje sk\u00f3rze subtelny, artystyczny akcent. Dost\u0119pny w moim studiu w Cz\u0119stochowie. #finelinetattoo #mikrorealizm #ptak #ornamenttattoo #delikatnytatua\u017c #tatua\u017ccz\u0119stochowa #minimalistycznytatua\u017c\" class=\"kb-gallery-item-link\"   role=\"button\" aria-haspopup=\"dialog\"><div class=\"kb-gal-image-radius\"><div class=\"kb-gallery-image-contain\" ><img loading=\"lazy\" decoding=\"async\" src=\"https:\/\/olejniktattoo.com\/wp-content\/uploads\/2025\/03\/Grafika_bez_nazwy-2-724x1024.jpg\" width=\"724\" height=\"1024\" alt=\"\" data-full-image=\"https:\/\/olejniktattoo.com\/wp-content\/uploads\/2025\/03\/Grafika_bez_nazwy-2-scaled.jpg\" data-light-image=\"https:\/\/olejniktattoo.com\/wp-content\/uploads\/2025\/03\/Grafika_bez_nazwy-2-scaled.jpg\" data-id=\"367\" class=\"wp-image-367 skip-lazy\" srcset=\"https:\/\/olejniktattoo.com\/wp-content\/uploads\/2025\/03\/Grafika_bez_nazwy-2-724x1024.jpg 724w, https:\/\/olejniktattoo.com\/wp-content\/uploads\/2025\/03\/Grafika_bez_nazwy-2-212x300.jpg 212w, https:\/\/olejniktattoo.com\/wp-content\/uploads\/2025\/03\/Grafika_bez_nazwy-2-768x1086.jpg 768w, https:\/\/olejniktattoo.com\/wp-content\/uploads\/2025\/03\/Grafika_bez_nazwy-2-1086x1536.jpg 1086w, https:\/\/olejniktattoo.com\/wp-content\/uploads\/2025\/03\/Grafika_bez_nazwy-2-1448x2048.jpg 1448w, https:\/\/olejniktattoo.com\/wp-content\/uploads\/2025\/03\/Grafika_bez_nazwy-2-600x849.jpg 600w, https:\/\/olejniktattoo.com\/wp-content\/uploads\/2025\/03\/Grafika_bez_nazwy-2-scaled.jpg 1810w\" sizes=\"auto, (max-width: 724px) 100vw, 724px\" \/><\/div><div class=\"kadence-blocks-gallery-item__caption\">Unikalny wz\u00f3r tatua\u017cu \u0142\u0105cz\u0105cy mikrorealizm i abstrakcj\u0119 \u2013 ptak o subtelnie rozmytych kszta\u0142tach, wzbogacony ornamentalnym detalem. Symbol wolno\u015bci, delikatno\u015bci i tajemnicy, idealny na przedrami\u0119, rami\u0119 lub udo. Wykonany w precyzyjnym stylu fineline, nadaje sk\u00f3rze subtelny, artystyczny akcent. Dost\u0119pny w moim studiu w Cz\u0119stochowie. #finelinetattoo #mikrorealizm #ptak #ornamenttattoo #delikatnytatua\u017c #tatua\u017ccz\u0119stochowa #minimalistycznytatua\u017c<\/div><\/div><\/a><\/figure><\/div><\/div><\/li><li class=\"kb-slide-item kb-gallery-carousel-item splide__slide\"><div class=\"kadence-blocks-gallery-item\"><div class=\"kadence-blocks-gallery-item-inner\"><figure class=\"kb-gallery-figure kb-gallery-item-has-link kadence-blocks-gallery-item-has-caption\"><a href=\"https:\/\/olejniktattoo.com\/wp-content\/uploads\/2025\/03\/Grafika_bez_nazwy-3-scaled.jpg\" data-description=\"Minimalistyczny tatua\u017c z subtelnym napisem, wykonany w stylu fineline. Delikatna kaligrafia sprawia, \u017ce wz\u00f3r wygl\u0105da jak elegancka bi\u017cuteria na sk\u00f3rze. Idealny na przedrami\u0119, obojczyk, plecy lub \u017cebro. Dost\u0119pny w moim studiu w Cz\u0119stochowie. #finelinetattoo #minimalistycznytatua\u017c #tatua\u017cnapis #subtelnytatua\u017c #tatua\u017ccz\u0119stochowa #tatua\u017c\u015bl\u0105sk\" class=\"kb-gallery-item-link\"   role=\"button\" aria-haspopup=\"dialog\"><div class=\"kb-gal-image-radius\"><div class=\"kb-gallery-image-contain\" ><img loading=\"lazy\" decoding=\"async\" src=\"https:\/\/olejniktattoo.com\/wp-content\/uploads\/2025\/03\/Grafika_bez_nazwy-3-724x1024.jpg\" width=\"724\" height=\"1024\" alt=\"\" data-full-image=\"https:\/\/olejniktattoo.com\/wp-content\/uploads\/2025\/03\/Grafika_bez_nazwy-3-scaled.jpg\" data-light-image=\"https:\/\/olejniktattoo.com\/wp-content\/uploads\/2025\/03\/Grafika_bez_nazwy-3-scaled.jpg\" data-id=\"368\" class=\"wp-image-368 skip-lazy\" srcset=\"https:\/\/olejniktattoo.com\/wp-content\/uploads\/2025\/03\/Grafika_bez_nazwy-3-724x1024.jpg 724w, https:\/\/olejniktattoo.com\/wp-content\/uploads\/2025\/03\/Grafika_bez_nazwy-3-212x300.jpg 212w, https:\/\/olejniktattoo.com\/wp-content\/uploads\/2025\/03\/Grafika_bez_nazwy-3-768x1086.jpg 768w, https:\/\/olejniktattoo.com\/wp-content\/uploads\/2025\/03\/Grafika_bez_nazwy-3-1086x1536.jpg 1086w, https:\/\/olejniktattoo.com\/wp-content\/uploads\/2025\/03\/Grafika_bez_nazwy-3-1448x2048.jpg 1448w, https:\/\/olejniktattoo.com\/wp-content\/uploads\/2025\/03\/Grafika_bez_nazwy-3-600x849.jpg 600w, https:\/\/olejniktattoo.com\/wp-content\/uploads\/2025\/03\/Grafika_bez_nazwy-3-scaled.jpg 1810w\" sizes=\"auto, (max-width: 724px) 100vw, 724px\" \/><\/div><div class=\"kadence-blocks-gallery-item__caption\">Minimalistyczny tatua\u017c z subtelnym napisem, wykonany w stylu fineline. Delikatna kaligrafia sprawia, \u017ce wz\u00f3r wygl\u0105da jak elegancka bi\u017cuteria na sk\u00f3rze. Idealny na przedrami\u0119, obojczyk, plecy lub \u017cebro. Dost\u0119pny w moim studiu w Cz\u0119stochowie. #finelinetattoo #minimalistycznytatua\u017c #tatua\u017cnapis #subtelnytatua\u017c #tatua\u017ccz\u0119stochowa #tatua\u017c\u015bl\u0105sk<\/div><\/div><\/a><\/figure><\/div><\/div><\/li><li class=\"kb-slide-item kb-gallery-carousel-item splide__slide\"><div class=\"kadence-blocks-gallery-item\"><div class=\"kadence-blocks-gallery-item-inner\"><figure class=\"kb-gallery-figure kb-gallery-item-has-link kadence-blocks-gallery-item-has-caption\"><a href=\"https:\/\/olejniktattoo.com\/wp-content\/uploads\/2025\/03\/Grafika_bez_nazwy-19-scaled.jpg\" data-description=\"Abstrakcyjny tatua\u017c w stylu mikrorealizmu \u0142\u0105cz\u0105cy symbolik\u0119 transformacji i wewn\u0119trznego przebudzenia. Delikatny motyl wy\u0142aniaj\u0105cy si\u0119 z p\u0142ynnych, surrealistycznych form nadaje wzorowi tajemniczy i artystyczny charakter. Ten projekt doskonale sprawdzi si\u0119 na plecach, udzie, przedramieniu lub \u0142ydce, harmonijnie dopasowuj\u0105c si\u0119 do kszta\u0142tu cia\u0142a. Mo\u017cliwo\u015b\u0107 wykonania w moim studio tatua\u017cu w Cz\u0119stochowie. #tatua\u017cabstrakcyjny #tatua\u017cmikrorealizm #tatua\u017cmotyl #tatua\u017ckobiecy #tatua\u017csztuka #tatua\u017c\u015bl\u0105sk #tatua\u017ccz\u0119stochowa\" class=\"kb-gallery-item-link\"   role=\"button\" aria-haspopup=\"dialog\"><div class=\"kb-gal-image-radius\"><div class=\"kb-gallery-image-contain\" ><img loading=\"lazy\" decoding=\"async\" src=\"https:\/\/olejniktattoo.com\/wp-content\/uploads\/2025\/03\/Grafika_bez_nazwy-19-724x1024.jpg\" width=\"724\" height=\"1024\" alt=\"\" data-full-image=\"https:\/\/olejniktattoo.com\/wp-content\/uploads\/2025\/03\/Grafika_bez_nazwy-19-scaled.jpg\" data-light-image=\"https:\/\/olejniktattoo.com\/wp-content\/uploads\/2025\/03\/Grafika_bez_nazwy-19-scaled.jpg\" data-id=\"375\" class=\"wp-image-375 skip-lazy\" srcset=\"https:\/\/olejniktattoo.com\/wp-content\/uploads\/2025\/03\/Grafika_bez_nazwy-19-724x1024.jpg 724w, https:\/\/olejniktattoo.com\/wp-content\/uploads\/2025\/03\/Grafika_bez_nazwy-19-212x300.jpg 212w, https:\/\/olejniktattoo.com\/wp-content\/uploads\/2025\/03\/Grafika_bez_nazwy-19-768x1086.jpg 768w, https:\/\/olejniktattoo.com\/wp-content\/uploads\/2025\/03\/Grafika_bez_nazwy-19-1086x1536.jpg 1086w, https:\/\/olejniktattoo.com\/wp-content\/uploads\/2025\/03\/Grafika_bez_nazwy-19-1448x2048.jpg 1448w, https:\/\/olejniktattoo.com\/wp-content\/uploads\/2025\/03\/Grafika_bez_nazwy-19-600x849.jpg 600w, https:\/\/olejniktattoo.com\/wp-content\/uploads\/2025\/03\/Grafika_bez_nazwy-19-scaled.jpg 1810w\" sizes=\"auto, (max-width: 724px) 100vw, 724px\" \/><\/div><div class=\"kadence-blocks-gallery-item__caption\">Abstrakcyjny tatua\u017c w stylu mikrorealizmu \u0142\u0105cz\u0105cy symbolik\u0119 transformacji i wewn\u0119trznego przebudzenia. Delikatny motyl wy\u0142aniaj\u0105cy si\u0119 z p\u0142ynnych, surrealistycznych form nadaje wzorowi tajemniczy i artystyczny charakter. Ten projekt doskonale sprawdzi si\u0119 na plecach, udzie, przedramieniu lub \u0142ydce, harmonijnie dopasowuj\u0105c si\u0119 do kszta\u0142tu cia\u0142a. Mo\u017cliwo\u015b\u0107 wykonania w moim studio tatua\u017cu w Cz\u0119stochowie. #tatua\u017cabstrakcyjny #tatua\u017cmikrorealizm #tatua\u017cmotyl #tatua\u017ckobiecy #tatua\u017csztuka #tatua\u017c\u015bl\u0105sk #tatua\u017ccz\u0119stochowa<\/div><\/div><\/a><\/figure><\/div><\/div><\/li><li class=\"kb-slide-item kb-gallery-carousel-item splide__slide\"><div class=\"kadence-blocks-gallery-item\"><div class=\"kadence-blocks-gallery-item-inner\"><figure class=\"kb-gallery-figure kb-gallery-item-has-link kadence-blocks-gallery-item-has-caption\"><a href=\"https:\/\/olejniktattoo.com\/wp-content\/uploads\/2025\/03\/Grafika_bez_nazwy-21-scaled.jpg\" data-description=\"Abstrakcyjny tatua\u017c w stylu mikrorealizmu i fine line, \u0142\u0105cz\u0105cy delikatny wizerunek motyla z subtelnym kobiecym profilem. Symbol lekko\u015bci, transformacji i wolno\u015bci, zaprojektowany tak, by pi\u0119knie komponowa\u0107 si\u0119 na dowolnej cz\u0119\u015bci cia\u0142a \u2013 od przedramienia, przez plecy, a\u017c po udo czy \u017cebro. Stworzony dla os\u00f3b ceni\u0105cych eleganckie, unikalne wzory z artystycznym wyrazem. Mo\u017cliwo\u015b\u0107 wykonania w moim studio tatua\u017cu w Cz\u0119stochowie. #mikrorealizm #finelinetattoo #tatua\u017cmotyl #tatua\u017ckobieta #tatua\u017cdelikatny #tatua\u017cabstrakcja #tatua\u017c\u015bl\u0105sk #tatua\u017ccz\u0119stochowa\" class=\"kb-gallery-item-link\"   role=\"button\" aria-haspopup=\"dialog\"><div class=\"kb-gal-image-radius\"><div class=\"kb-gallery-image-contain\" ><img loading=\"lazy\" decoding=\"async\" src=\"https:\/\/olejniktattoo.com\/wp-content\/uploads\/2025\/03\/Grafika_bez_nazwy-21-724x1024.jpg\" width=\"724\" height=\"1024\" alt=\"\" data-full-image=\"https:\/\/olejniktattoo.com\/wp-content\/uploads\/2025\/03\/Grafika_bez_nazwy-21-scaled.jpg\" data-light-image=\"https:\/\/olejniktattoo.com\/wp-content\/uploads\/2025\/03\/Grafika_bez_nazwy-21-scaled.jpg\" data-id=\"376\" class=\"wp-image-376 skip-lazy\" srcset=\"https:\/\/olejniktattoo.com\/wp-content\/uploads\/2025\/03\/Grafika_bez_nazwy-21-724x1024.jpg 724w, https:\/\/olejniktattoo.com\/wp-content\/uploads\/2025\/03\/Grafika_bez_nazwy-21-212x300.jpg 212w, https:\/\/olejniktattoo.com\/wp-content\/uploads\/2025\/03\/Grafika_bez_nazwy-21-768x1086.jpg 768w, https:\/\/olejniktattoo.com\/wp-content\/uploads\/2025\/03\/Grafika_bez_nazwy-21-1086x1536.jpg 1086w, https:\/\/olejniktattoo.com\/wp-content\/uploads\/2025\/03\/Grafika_bez_nazwy-21-1448x2048.jpg 1448w, https:\/\/olejniktattoo.com\/wp-content\/uploads\/2025\/03\/Grafika_bez_nazwy-21-600x849.jpg 600w, https:\/\/olejniktattoo.com\/wp-content\/uploads\/2025\/03\/Grafika_bez_nazwy-21-scaled.jpg 1810w\" sizes=\"auto, (max-width: 724px) 100vw, 724px\" \/><\/div><div class=\"kadence-blocks-gallery-item__caption\">Abstrakcyjny tatua\u017c w stylu mikrorealizmu i fine line, \u0142\u0105cz\u0105cy delikatny wizerunek motyla z subtelnym kobiecym profilem. Symbol lekko\u015bci, transformacji i wolno\u015bci, zaprojektowany tak, by pi\u0119knie komponowa\u0107 si\u0119 na dowolnej cz\u0119\u015bci cia\u0142a \u2013 od przedramienia, przez plecy, a\u017c po udo czy \u017cebro. Stworzony dla os\u00f3b ceni\u0105cych eleganckie, unikalne wzory z artystycznym wyrazem. Mo\u017cliwo\u015b\u0107 wykonania w moim studio tatua\u017cu w Cz\u0119stochowie. #mikrorealizm #finelinetattoo #tatua\u017cmotyl #tatua\u017ckobieta #tatua\u017cdelikatny #tatua\u017cabstrakcja #tatua\u017c\u015bl\u0105sk #tatua\u017ccz\u0119stochowa<\/div><\/div><\/a><\/figure><\/div><\/div><\/li><\/ul><\/div><\/div><\/div><\/div>\n\n<style>.wp-block-kadence-spacer.kt-block-spacer-251_00ac77-de .kt-block-spacer{height:100px;}.wp-block-kadence-spacer.kt-block-spacer-251_00ac77-de .kt-divider{border-top-width:2px;border-top-color:var(--global-palette2, #2B6CB0);width:80%;border-top-style:solid;}<\/style>\n<div class=\"wp-block-kadence-spacer aligncenter kt-block-spacer-251_00ac77-de\"><div class=\"kt-block-spacer kt-block-spacer-halign-center\"><hr class=\"kt-divider\"\/><\/div><\/div>\n\n\n<style>.wp-block-kadence-advancedheading.kt-adv-heading251_2352f6-91, .wp-block-kadence-advancedheading.kt-adv-heading251_2352f6-91[data-kb-block=\"kb-adv-heading251_2352f6-91\"]{text-align:center;font-style:normal;}.wp-block-kadence-advancedheading.kt-adv-heading251_2352f6-91 mark.kt-highlight, .wp-block-kadence-advancedheading.kt-adv-heading251_2352f6-91[data-kb-block=\"kb-adv-heading251_2352f6-91\"] mark.kt-highlight{font-style:normal;color:#f76a0c;-webkit-box-decoration-break:clone;box-decoration-break:clone;padding-top:0px;padding-right:0px;padding-bottom:0px;padding-left:0px;}.wp-block-kadence-advancedheading.kt-adv-heading251_2352f6-91 img.kb-inline-image, .wp-block-kadence-advancedheading.kt-adv-heading251_2352f6-91[data-kb-block=\"kb-adv-heading251_2352f6-91\"] img.kb-inline-image{width:150px;vertical-align:baseline;}<\/style>\n<h2 class=\"kt-adv-heading251_2352f6-91 wp-block-kadence-advancedheading\" data-kb-block=\"kb-adv-heading251_2352f6-91\">Um\u00f3w si\u0119 na tatua\u017c przez formularz kontaktowy!<\/h2>\n\n\n<style>.wp-block-kadence-advancedbtn.kb-btns251_2d3e7a-15{gap:var(--global-kb-gap-xs, 0.5rem );justify-content:center;align-items:center;}.kt-btns251_2d3e7a-15 .kt-button{font-weight:normal;font-style:normal;}.kt-btns251_2d3e7a-15 .kt-btn-wrap-0{margin-right:5px;}.wp-block-kadence-advancedbtn.kt-btns251_2d3e7a-15 .kt-btn-wrap-0 .kt-button{color:#555555;border-color:#555555;}.wp-block-kadence-advancedbtn.kt-btns251_2d3e7a-15 .kt-btn-wrap-0 .kt-button:hover, .wp-block-kadence-advancedbtn.kt-btns251_2d3e7a-15 .kt-btn-wrap-0 .kt-button:focus{color:#ffffff;border-color:#444444;}.wp-block-kadence-advancedbtn.kt-btns251_2d3e7a-15 .kt-btn-wrap-0 .kt-button::before{display:none;}.wp-block-kadence-advancedbtn.kt-btns251_2d3e7a-15 .kt-btn-wrap-0 .kt-button:hover, .wp-block-kadence-advancedbtn.kt-btns251_2d3e7a-15 .kt-btn-wrap-0 .kt-button:focus{background:#444444;}<\/style>\n<div class=\"wp-block-kadence-advancedbtn kb-buttons-wrap kb-btns251_2d3e7a-15\"><style>ul.menu .wp-block-kadence-advancedbtn .kb-btn251_55680e-69.kb-button{width:initial;}<\/style><a class=\"kb-button kt-button button kb-btn251_55680e-69 kt-btn-size-xlarge kt-btn-width-type-auto kb-btn-global-fill  kt-btn-has-text-true kt-btn-has-svg-true  wp-block-kadence-singlebtn\" href=\"https:\/\/olejniktattoo.com\/zapisy\/\"><span class=\"kb-svg-icon-wrap kb-svg-icon-fas_calendar-check kt-btn-icon-side-left\"><svg viewBox=\"0 0 448 512\"  fill=\"currentColor\" xmlns=\"http:\/\/www.w3.org\/2000\/svg\"  aria-hidden=\"true\"><path d=\"M436 160H12c-6.627 0-12-5.373-12-12v-36c0-26.51 21.49-48 48-48h48V12c0-6.627 5.373-12 12-12h40c6.627 0 12 5.373 12 12v52h128V12c0-6.627 5.373-12 12-12h40c6.627 0 12 5.373 12 12v52h48c26.51 0 48 21.49 48 48v36c0 6.627-5.373 12-12 12zM12 192h424c6.627 0 12 5.373 12 12v260c0 26.51-21.49 48-48 48H48c-26.51 0-48-21.49-48-48V204c0-6.627 5.373-12 12-12zm333.296 95.947l-28.169-28.398c-4.667-4.705-12.265-4.736-16.97-.068L194.12 364.665l-45.98-46.352c-4.667-4.705-12.266-4.736-16.971-.068l-28.397 28.17c-4.705 4.667-4.736 12.265-.068 16.97l82.601 83.269c4.667 4.705 12.265 4.736 16.97.068l142.953-141.805c4.705-4.667 4.736-12.265.068-16.97z\"\/><\/svg><\/span><span class=\"kt-btn-inner-text\">Zapisz si\u0119<\/span><\/a><\/div>\n\n\n<style>.wp-block-kadence-spacer.kt-block-spacer-251_56b4e8-fe .kt-block-spacer{height:100px;}.wp-block-kadence-spacer.kt-block-spacer-251_56b4e8-fe .kt-divider{border-top-width:2px;border-top-color:var(--global-palette2, #2B6CB0);width:80%;border-top-style:solid;}<\/style>\n<div class=\"wp-block-kadence-spacer aligncenter kt-block-spacer-251_56b4e8-fe\"><div class=\"kt-block-spacer kt-block-spacer-halign-center\"><hr class=\"kt-divider\"\/><\/div><\/div>\n","protected":false},"excerpt":{"rendered":"<p>Free designs Make an appointment for a tattoo via the contact form!<\/p>","protected":false},"author":1,"featured_media":0,"parent":0,"menu_order":0,"comment_status":"closed","ping_status":"closed","template":"","meta":{"_kad_blocks_custom_css":"","_kad_blocks_head_custom_js":"","_kad_blocks_body_custom_js":"","_kad_blocks_footer_custom_js":"","_kadence_starter_templates_imported_post":false,"_kad_post_transparent":"","_kad_post_title":"hide","_kad_post_layout":"normal","_kad_post_sidebar_id":"","_kad_post_content_style":"","_kad_post_vertical_padding":"","_kad_post_feature":"","_kad_post_feature_position":"","_kad_post_header":false,"_kad_post_footer":false,"footnotes":""},"class_list":["post-251","page","type-page","status-publish","hentry"],"yoast_head":"<!-- This site is optimized with the Yoast SEO plugin v27.4 - https:\/\/yoast.com\/product\/yoast-seo-wordpress\/ -->\n<title>Wolne wzory - Olejnik Tattoo<\/title>\n<meta name=\"robots\" content=\"index, follow, max-snippet:-1, max-image-preview:large, max-video-preview:-1\" \/>\n<link rel=\"canonical\" href=\"https:\/\/olejniktattoo.com\/english\/wolne-wzory\/\" \/>\n<meta property=\"og:locale\" content=\"en_GB\" \/>\n<meta property=\"og:type\" content=\"article\" \/>\n<meta property=\"og:title\" content=\"Wolne wzory - Olejnik Tattoo\" \/>\n<meta property=\"og:description\" content=\"Wolne wzory Um\u00f3w si\u0119 na tatua\u017c przez formularz kontaktowy!\" \/>\n<meta property=\"og:url\" content=\"https:\/\/olejniktattoo.com\/english\/wolne-wzory\/\" \/>\n<meta property=\"og:site_name\" content=\"Olejnik Tattoo\" \/>\n<meta property=\"article:modified_time\" content=\"2025-12-21T09:37:14+00:00\" \/>\n<meta name=\"twitter:card\" content=\"summary_large_image\" \/>\n<meta name=\"twitter:label1\" content=\"Estimated reading time\" \/>\n\t<meta name=\"twitter:data1\" content=\"1 minute\" \/>\n<!-- \/ Yoast SEO plugin. -->","yoast_head_json":{"title":"Free designs - Olejnik Tattoo","robots":{"index":"index","follow":"follow","max-snippet":"max-snippet:-1","max-image-preview":"max-image-preview:large","max-video-preview":"max-video-preview:-1"},"canonical":"https:\/\/olejniktattoo.com\/english\/wolne-wzory\/","og_locale":"en_GB","og_type":"article","og_title":"Wolne wzory - Olejnik Tattoo","og_description":"Wolne wzory Um\u00f3w si\u0119 na tatua\u017c przez formularz kontaktowy!","og_url":"https:\/\/olejniktattoo.com\/english\/wolne-wzory\/","og_site_name":"Olejnik Tattoo","article_modified_time":"2025-12-21T09:37:14+00:00","twitter_card":"summary_large_image","twitter_misc":{"Estimated reading time":"1 minute"},"schema":{"@context":"https:\/\/schema.org","@graph":[{"@type":"WebPage","@id":"https:\/\/olejniktattoo.com\/wolne-wzory\/","url":"https:\/\/olejniktattoo.com\/wolne-wzory\/","name":"Free designs - Olejnik Tattoo","isPartOf":{"@id":"https:\/\/olejniktattoo.com\/#website"},"datePublished":"2025-02-25T15:14:45+00:00","dateModified":"2025-12-21T09:37:14+00:00","breadcrumb":{"@id":"https:\/\/olejniktattoo.com\/wolne-wzory\/#breadcrumb"},"inLanguage":"en-GB","potentialAction":[{"@type":"ReadAction","target":["https:\/\/olejniktattoo.com\/wolne-wzory\/"]}]},{"@type":"BreadcrumbList","@id":"https:\/\/olejniktattoo.com\/wolne-wzory\/#breadcrumb","itemListElement":[{"@type":"ListItem","position":1,"name":"Strona g\u0142\u00f3wna","item":"https:\/\/olejniktattoo.com\/"},{"@type":"ListItem","position":2,"name":"Wolne wzory"}]},{"@type":"WebSite","@id":"https:\/\/olejniktattoo.com\/#website","url":"https:\/\/olejniktattoo.com\/","name":"Olejnik Tattoo","description":"","publisher":{"@id":"https:\/\/olejniktattoo.com\/#\/schema\/person\/14b22474c95a4503d2499eb9e247ee3a"},"potentialAction":[{"@type":"SearchAction","target":{"@type":"EntryPoint","urlTemplate":"https:\/\/olejniktattoo.com\/?s={search_term_string}"},"query-input":{"@type":"PropertyValueSpecification","valueRequired":true,"valueName":"search_term_string"}}],"inLanguage":"en-GB"},{"@type":["Person","Organization"],"@id":"https:\/\/olejniktattoo.com\/#\/schema\/person\/14b22474c95a4503d2499eb9e247ee3a","name":"Olejnik Tattoo","image":{"@type":"ImageObject","inLanguage":"en-GB","@id":"https:\/\/olejniktattoo.com\/wp-content\/uploads\/2025\/02\/cropped-Grafika_bez_nazwy-2-1.png","url":"https:\/\/olejniktattoo.com\/wp-content\/uploads\/2025\/02\/cropped-Grafika_bez_nazwy-2-1.png","contentUrl":"https:\/\/olejniktattoo.com\/wp-content\/uploads\/2025\/02\/cropped-Grafika_bez_nazwy-2-1.png","width":2474,"height":1192,"caption":"Olejnik Tattoo"},"logo":{"@id":"https:\/\/olejniktattoo.com\/wp-content\/uploads\/2025\/02\/cropped-Grafika_bez_nazwy-2-1.png"},"sameAs":["http:\/\/olejniktattoo.com"]}]}},"taxonomy_info":[],"featured_image_src_large":false,"author_info":{"display_name":"Olejnik Tattoo","author_link":"https:\/\/olejniktattoo.com\/english\/author\/adminuga\/"},"comment_info":0,"_links":{"self":[{"href":"https:\/\/olejniktattoo.com\/english\/wp-json\/wp\/v2\/pages\/251","targetHints":{"allow":["GET"]}}],"collection":[{"href":"https:\/\/olejniktattoo.com\/english\/wp-json\/wp\/v2\/pages"}],"about":[{"href":"https:\/\/olejniktattoo.com\/english\/wp-json\/wp\/v2\/types\/page"}],"author":[{"embeddable":true,"href":"https:\/\/olejniktattoo.com\/english\/wp-json\/wp\/v2\/users\/1"}],"replies":[{"embeddable":true,"href":"https:\/\/olejniktattoo.com\/english\/wp-json\/wp\/v2\/comments?post=251"}],"version-history":[{"count":23,"href":"https:\/\/olejniktattoo.com\/english\/wp-json\/wp\/v2\/pages\/251\/revisions"}],"predecessor-version":[{"id":546,"href":"https:\/\/olejniktattoo.com\/english\/wp-json\/wp\/v2\/pages\/251\/revisions\/546"}],"wp:attachment":[{"href":"https:\/\/olejniktattoo.com\/english\/wp-json\/wp\/v2\/media?parent=251"}],"curies":[{"name":"wp","href":"https:\/\/api.w.org\/{rel}","templated":true}]}}