{"id":57,"date":"2025-02-23T17:14:45","date_gmt":"2025-02-23T16:14:45","guid":{"rendered":"http:\/\/olejniktattoo.com\/?page_id=57"},"modified":"2026-04-16T16:31:24","modified_gmt":"2026-04-16T14:31:24","slug":"kontakt","status":"publish","type":"page","link":"https:\/\/olejniktattoo.com\/english\/kontakt\/","title":{"rendered":"Contact"},"content":{"rendered":"<style>.wp-block-kadence-advancedheading.kt-adv-heading57_621e41-f8, .wp-block-kadence-advancedheading.kt-adv-heading57_621e41-f8[data-kb-block=\"kb-adv-heading57_621e41-f8\"]{text-align:center;font-style:normal;}.wp-block-kadence-advancedheading.kt-adv-heading57_621e41-f8 mark.kt-highlight, .wp-block-kadence-advancedheading.kt-adv-heading57_621e41-f8[data-kb-block=\"kb-adv-heading57_621e41-f8\"] mark.kt-highlight{font-style:normal;color:#f76a0c;-webkit-box-decoration-break:clone;box-decoration-break:clone;padding-top:0px;padding-right:0px;padding-bottom:0px;padding-left:0px;}.wp-block-kadence-advancedheading.kt-adv-heading57_621e41-f8 img.kb-inline-image, .wp-block-kadence-advancedheading.kt-adv-heading57_621e41-f8[data-kb-block=\"kb-adv-heading57_621e41-f8\"] img.kb-inline-image{width:150px;vertical-align:baseline;}<\/style>\n<h1 class=\"kt-adv-heading57_621e41-f8 wp-block-kadence-advancedheading\" data-kb-block=\"kb-adv-heading57_621e41-f8\">Kontakt \u2013 Olejnik Tattoo Cz\u0119stochowa<\/h1>\n\n\n\n<div style=\"height:50px\" aria-hidden=\"true\" class=\"wp-block-spacer\"><\/div>\n\n\n<style>.wp-block-kadence-advancedheading.kt-adv-heading57_78d1e8-dd, .wp-block-kadence-advancedheading.kt-adv-heading57_78d1e8-dd[data-kb-block=\"kb-adv-heading57_78d1e8-dd\"]{text-align:center;font-style:normal;}.wp-block-kadence-advancedheading.kt-adv-heading57_78d1e8-dd mark.kt-highlight, .wp-block-kadence-advancedheading.kt-adv-heading57_78d1e8-dd[data-kb-block=\"kb-adv-heading57_78d1e8-dd\"] mark.kt-highlight{font-style:normal;color:#f76a0c;-webkit-box-decoration-break:clone;box-decoration-break:clone;padding-top:0px;padding-right:0px;padding-bottom:0px;padding-left:0px;}.wp-block-kadence-advancedheading.kt-adv-heading57_78d1e8-dd img.kb-inline-image, .wp-block-kadence-advancedheading.kt-adv-heading57_78d1e8-dd[data-kb-block=\"kb-adv-heading57_78d1e8-dd\"] img.kb-inline-image{width:150px;vertical-align:baseline;}<\/style>\n<p class=\"kt-adv-heading57_78d1e8-dd wp-block-kadence-advancedheading\" data-kb-block=\"kb-adv-heading57_78d1e8-dd\">Masz pytania dotycz\u0105ce tatua\u017cu, dost\u0119pnych termin\u00f3w lub wolnych wzor\u00f3w?<br>Napisz wiadomo\u015b\u0107 z przyjemno\u015bci\u0105 odpowiem!<br>Studio tatua\u017cu <strong>Olejnik Tattoo<\/strong> znajduje si\u0119 w <strong>Cz\u0119stochowie<\/strong>, w spokojnej i kameralnej lokalizacji.<br>Zapraszam do kontaktu \u2013 razem stworzymy co\u015b pi\u0119knego \ud83d\udcac\u2728<\/p>\n\n\n<style>.wp-block-kadence-spacer.kt-block-spacer-57_670100-33 .kt-block-spacer{height:100px;}.wp-block-kadence-spacer.kt-block-spacer-57_670100-33 .kt-divider{border-top-width:2px;border-top-color:var(--global-palette2, #2B6CB0);width:80%;border-top-style:solid;}<\/style>\n<div class=\"wp-block-kadence-spacer aligncenter kt-block-spacer-57_670100-33\"><div class=\"kt-block-spacer kt-block-spacer-halign-center\"><hr class=\"kt-divider\"\/><\/div><\/div>\n\n\n<style>.kb-row-layout-id57_217d95-c9 > .kt-row-column-wrap{align-content:start;}:where(.kb-row-layout-id57_217d95-c9 > .kt-row-column-wrap) > .wp-block-kadence-column{justify-content:start;}.kb-row-layout-id57_217d95-c9 > .kt-row-column-wrap{column-gap:var(--global-kb-gap-md, 2rem);row-gap:var(--global-kb-gap-md, 2rem);padding-top:var(--global-kb-spacing-sm, 1.5rem);padding-bottom:var(--global-kb-spacing-sm, 1.5rem);grid-template-columns:repeat(2, minmax(0, 1fr));}.kb-row-layout-id57_217d95-c9 > .kt-row-layout-overlay{opacity:0.30;}.kb-row-layout-id57_217d95-c9 .kt-row-layout-bottom-sep{height:100px;}.kb-row-layout-id57_217d95-c9 .kt-row-layout-bottom-sep svg{width:100%;}.kb-row-layout-id57_217d95-c9 .kt-row-layout-bottom-sep svg{fill:#ffffff!important;}@media all and (max-width: 1024px){.kb-row-layout-id57_217d95-c9 > .kt-row-column-wrap{grid-template-columns:repeat(2, minmax(0, 1fr));}}@media all and (max-width: 1024px){.kb-row-layout-id57_217d95-c9 .kt-row-layout-bottom-sep{height:px;}}@media all and (max-width: 1024px){.kb-row-layout-id57_217d95-c9 .kt-row-layout-bottom-sep svg{width:%;}}@media all and (max-width: 767px){.kb-row-layout-id57_217d95-c9 > .kt-row-column-wrap{grid-template-columns:minmax(0, 1fr);}.kb-row-layout-id57_217d95-c9 .kt-row-layout-bottom-sep{height:px;}.kb-row-layout-id57_217d95-c9 .kt-row-layout-bottom-sep svg{width:%;}}<\/style><div class=\"kb-row-layout-wrap kb-row-layout-id57_217d95-c9 alignnone wp-block-kadence-rowlayout\"><div class=\"kt-row-column-wrap kt-has-2-columns kt-row-layout-equal kt-tab-layout-inherit kt-mobile-layout-row kt-row-valign-top\">\n<style>.kadence-column57_b5e617-48 > .kt-inside-inner-col{display:flex;}.kadence-column57_b5e617-48 > .kt-inside-inner-col,.kadence-column57_b5e617-48 > .kt-inside-inner-col:before{border-top-left-radius:0px;border-top-right-radius:0px;border-bottom-right-radius:0px;border-bottom-left-radius:0px;}.kadence-column57_b5e617-48 > .kt-inside-inner-col{column-gap:var(--global-kb-gap-sm, 1rem);}.kadence-column57_b5e617-48 > .kt-inside-inner-col{flex-direction:column;justify-content:center;}.kadence-column57_b5e617-48 > .kt-inside-inner-col > .aligncenter{width:100%;}.kt-row-column-wrap > .kadence-column57_b5e617-48{align-self:center;}.kt-inner-column-height-full:not(.kt-has-1-columns) > .wp-block-kadence-column.kadence-column57_b5e617-48{align-self:auto;}.kt-inner-column-height-full:not(.kt-has-1-columns) > .wp-block-kadence-column.kadence-column57_b5e617-48 > .kt-inside-inner-col{flex-direction:column;justify-content:center;}.kadence-column57_b5e617-48 > .kt-inside-inner-col:before{opacity:0.3;}.kadence-column57_b5e617-48{position:relative;}@media all and (max-width: 1024px){.kt-row-column-wrap > .kadence-column57_b5e617-48{align-self:center;}}@media all and (max-width: 1024px){.kt-inner-column-height-full:not(.kt-has-1-columns) > .wp-block-kadence-column.kadence-column57_b5e617-48{align-self:auto;}}@media all and (max-width: 1024px){.kt-inner-column-height-full:not(.kt-has-1-columns) > .wp-block-kadence-column.kadence-column57_b5e617-48 > .kt-inside-inner-col{flex-direction:column;justify-content:center;}}@media all and (max-width: 1024px){.kadence-column57_b5e617-48 > .kt-inside-inner-col{flex-direction:column;justify-content:center;}}@media all and (max-width: 767px){.kt-row-column-wrap > .kadence-column57_b5e617-48{align-self:center;}.kt-inner-column-height-full:not(.kt-has-1-columns) > .wp-block-kadence-column.kadence-column57_b5e617-48{align-self:auto;}.kt-inner-column-height-full:not(.kt-has-1-columns) > .wp-block-kadence-column.kadence-column57_b5e617-48 > .kt-inside-inner-col{flex-direction:column;justify-content:center;}.kadence-column57_b5e617-48 > .kt-inside-inner-col{flex-direction:column;justify-content:center;}}<\/style>\n<div class=\"wp-block-kadence-column kadence-column57_b5e617-48\"><div class=\"kt-inside-inner-col\"><style>.wp-block-kadence-iconlist.kt-svg-icon-list-items57_7b2e87-51:not(.this-stops-third-party-issues){margin-top:0px;margin-bottom:0px;}.wp-block-kadence-iconlist.kt-svg-icon-list-items57_7b2e87-51 ul.kt-svg-icon-list:not(.this-prevents-issues):not(.this-stops-third-party-issues):not(.tijsloc){margin-top:0px;margin-right:0px;margin-bottom:var(--global-kb-spacing-sm, 1.5rem);margin-left:0px;}.wp-block-kadence-iconlist.kt-svg-icon-list-items57_7b2e87-51 ul.kt-svg-icon-list{grid-row-gap:5px;}.wp-block-kadence-iconlist.kt-svg-icon-list-items57_7b2e87-51 .kb-svg-icon-wrap{color:var(--global-palette1, #3182CE);}.wp-block-kadence-iconlist.kt-svg-icon-list-items57_7b2e87-51 ul.kt-svg-icon-list .kt-svg-icon-list-item-wrap .kt-svg-icon-list-single{margin-right:10px;}.kt-svg-icon-list-items57_7b2e87-51 ul.kt-svg-icon-list .kt-svg-icon-list-item-wrap, .kt-svg-icon-list-items57_7b2e87-51 ul.kt-svg-icon-list .kt-svg-icon-list-item-wrap a{font-size:var(--global-kb-font-size-md, 1.25rem);}.kt-svg-icon-list-items57_7b2e87-51 ul.kt-svg-icon-list .kt-svg-icon-list-level-0 .kt-svg-icon-list-single svg{font-size:20px;}<\/style>\n<div class=\"wp-block-kadence-iconlist kt-svg-icon-list-items kt-svg-icon-list-items57_7b2e87-51 kt-svg-icon-list-columns-1 alignnone\"><ul class=\"kt-svg-icon-list\"><style>.kt-svg-icon-list-item-57_1a5d5f-0d .kt-svg-icon-list-single{font-size:60px !important;}.kt-svg-icon-list-item-57_1a5d5f-0d .kt-svg-icon-list-text mark.kt-highlight{background-color:unset;font-style:normal;color:#f76a0c;-webkit-box-decoration-break:clone;box-decoration-break:clone;padding-top:0px;padding-right:0px;padding-bottom:0px;padding-left:0px;}<\/style>\n<li class=\"wp-block-kadence-listitem kt-svg-icon-list-item-wrap kt-svg-icon-list-item-57_1a5d5f-0d kt-svg-icon-list-level-2\"><a href=\"https:\/\/www.instagram.com\/olejnik.tattoo\/\" class=\"kt-svg-icon-link\" target=\"_blank\" rel=\"noopener noreferrer\"><span class=\"kb-svg-icon-wrap kb-svg-icon-fe_instagram kt-svg-icon-list-single\"><svg viewBox=\"0 0 24 24\"  fill=\"none\" stroke=\"currentColor\" stroke-width=\"2\" stroke-linecap=\"round\" stroke-linejoin=\"round\" xmlns=\"http:\/\/www.w3.org\/2000\/svg\"  aria-hidden=\"true\"><rect x=\"2\" y=\"2\" width=\"20\" height=\"20\" rx=\"5\" ry=\"5\"\/><path d=\"M16 11.37A4 4 0 1 1 12.63 8 4 4 0 0 1 16 11.37z\"\/><line x1=\"17.5\" y1=\"6.5\" x2=\"17.5\" y2=\"6.5\"\/><\/svg><\/span><span class=\"kt-svg-icon-list-text\">@olejnik.tattoo<\/span><\/a><\/li>\n\n\n<style>.kt-svg-icon-list-item-57_4dc6e5-e3 .kt-svg-icon-list-single{font-size:60px !important;}.kt-svg-icon-list-item-57_4dc6e5-e3 .kt-svg-icon-list-text mark.kt-highlight{background-color:unset;font-style:normal;color:#f76a0c;-webkit-box-decoration-break:clone;box-decoration-break:clone;padding-top:0px;padding-right:0px;padding-bottom:0px;padding-left:0px;}<\/style>\n<li class=\"wp-block-kadence-listitem kt-svg-icon-list-item-wrap kt-svg-icon-list-item-57_4dc6e5-e3 kt-svg-icon-list-level-2\"><a href=\"https:\/\/www.facebook.com\/olejnik.tattoo\" class=\"kt-svg-icon-link\" target=\"_blank\" rel=\"noopener noreferrer\"><span class=\"kb-svg-icon-wrap kb-svg-icon-fe_facebook kt-svg-icon-list-single\"><svg viewBox=\"0 0 24 24\"  fill=\"none\" stroke=\"currentColor\" stroke-width=\"2\" stroke-linecap=\"round\" stroke-linejoin=\"round\" xmlns=\"http:\/\/www.w3.org\/2000\/svg\"  aria-hidden=\"true\"><path d=\"M18 2h-3a5 5 0 0 0-5 5v3H7v4h3v8h4v-8h3l1-4h-4V7a1 1 0 0 1 1-1h3z\"\/><\/svg><\/span><span class=\"kt-svg-icon-list-text\">@olejnik.tattoo<\/span><\/a><\/li>\n\n\n<style>.kt-svg-icon-list-item-57_3630e9-5a .kt-svg-icon-list-single{font-size:60px !important;}.kt-svg-icon-list-item-57_3630e9-5a .kt-svg-icon-list-text mark.kt-highlight{background-color:unset;font-style:normal;color:#f76a0c;-webkit-box-decoration-break:clone;box-decoration-break:clone;padding-top:0px;padding-right:0px;padding-bottom:0px;padding-left:0px;}<\/style>\n<li class=\"wp-block-kadence-listitem kt-svg-icon-list-item-wrap kt-svg-icon-list-item-57_3630e9-5a kt-svg-icon-list-style-default kt-svg-icon-list-level-2\"><span class=\"kb-svg-icon-wrap kb-svg-icon-fe_mail kt-svg-icon-list-single\"><svg viewBox=\"0 0 24 24\"  fill=\"none\" stroke=\"currentColor\" stroke-width=\"2\" stroke-linecap=\"round\" stroke-linejoin=\"round\" xmlns=\"http:\/\/www.w3.org\/2000\/svg\"  aria-hidden=\"true\"><path d=\"M4 4h16c1.1 0 2 .9 2 2v12c0 1.1-.9 2-2 2H4c-1.1 0-2-.9-2-2V6c0-1.1.9-2 2-2z\"\/><polyline points=\"22,6 12,13 2,6\"\/><\/svg><\/span><span class=\"kt-svg-icon-list-text\">kontakt@olejniktattoo.com<\/span><\/li>\n\n\n<style>.kt-svg-icon-list-item-57_875c86-a9 .kt-svg-icon-list-single{font-size:60px !important;}.kt-svg-icon-list-item-57_875c86-a9 .kt-svg-icon-list-text mark.kt-highlight{background-color:unset;font-style:normal;color:#f76a0c;-webkit-box-decoration-break:clone;box-decoration-break:clone;padding-top:0px;padding-right:0px;padding-bottom:0px;padding-left:0px;}<\/style>\n<li class=\"wp-block-kadence-listitem kt-svg-icon-list-item-wrap kt-svg-icon-list-item-57_875c86-a9 kt-svg-icon-list-level-2\"><span class=\"kb-svg-icon-wrap kb-svg-icon-ic_location kt-svg-icon-list-single\"><svg viewBox=\"0 0 8 8\"  fill=\"currentColor\" xmlns=\"http:\/\/www.w3.org\/2000\/svg\"  aria-hidden=\"true\"><path d=\"M8 0l-8 4 3 1 1 3 4-8z\"\/><\/svg><\/span><span class=\"kt-svg-icon-list-text\">Al. Pokoju 4, 42-202 Cz\u0119stochowa<\/span><\/li>\n<\/ul><\/div>\n<\/div><\/div>\n\n\n<style>.kadence-column57_cee38c-a0 > .kt-inside-inner-col,.kadence-column57_cee38c-a0 > .kt-inside-inner-col:before{border-top-left-radius:0px;border-top-right-radius:0px;border-bottom-right-radius:0px;border-bottom-left-radius:0px;}.kadence-column57_cee38c-a0 > .kt-inside-inner-col{column-gap:var(--global-kb-gap-sm, 1rem);}.kadence-column57_cee38c-a0 > .kt-inside-inner-col{flex-direction:column;}.kadence-column57_cee38c-a0 > .kt-inside-inner-col > .aligncenter{width:100%;}.kadence-column57_cee38c-a0 > .kt-inside-inner-col:before{opacity:0.3;}.kadence-column57_cee38c-a0{position:relative;}@media all and (max-width: 1024px){.kadence-column57_cee38c-a0 > .kt-inside-inner-col{flex-direction:column;justify-content:center;}}@media all and (max-width: 767px){.kadence-column57_cee38c-a0 > .kt-inside-inner-col{flex-direction:column;justify-content:center;}}<\/style>\n<div class=\"wp-block-kadence-column kadence-column57_cee38c-a0\"><div class=\"kt-inside-inner-col\"><style>.wp-block-kadence-advancedheading.kt-adv-heading57_44ffe4-f8, .wp-block-kadence-advancedheading.kt-adv-heading57_44ffe4-f8[data-kb-block=\"kb-adv-heading57_44ffe4-f8\"]{text-align:center;font-style:normal;}.wp-block-kadence-advancedheading.kt-adv-heading57_44ffe4-f8 mark.kt-highlight, .wp-block-kadence-advancedheading.kt-adv-heading57_44ffe4-f8[data-kb-block=\"kb-adv-heading57_44ffe4-f8\"] mark.kt-highlight{font-style:normal;color:#f76a0c;-webkit-box-decoration-break:clone;box-decoration-break:clone;padding-top:0px;padding-right:0px;padding-bottom:0px;padding-left:0px;}.wp-block-kadence-advancedheading.kt-adv-heading57_44ffe4-f8 img.kb-inline-image, .wp-block-kadence-advancedheading.kt-adv-heading57_44ffe4-f8[data-kb-block=\"kb-adv-heading57_44ffe4-f8\"] img.kb-inline-image{width:150px;vertical-align:baseline;}<\/style>\n<h3 class=\"kt-adv-heading57_44ffe4-f8 wp-block-kadence-advancedheading has-theme-palette-3-color has-text-color\" data-kb-block=\"kb-adv-heading57_44ffe4-f8\">Um\u00f3w si\u0119 na tatua\u017c przez formularz kontaktowy!<\/h3>\n\n\n\n<div style=\"height:50px\" aria-hidden=\"true\" class=\"wp-block-spacer\"><\/div>\n\n\n<style>.wp-block-kadence-advancedbtn.kb-btns57_ad7f55-b5{gap:var(--global-kb-gap-xs, 0.5rem );justify-content:center;align-items:center;}.kt-btns57_ad7f55-b5 .kt-button{font-weight:normal;font-style:normal;}.kt-btns57_ad7f55-b5 .kt-btn-wrap-0{margin-right:5px;}.wp-block-kadence-advancedbtn.kt-btns57_ad7f55-b5 .kt-btn-wrap-0 .kt-button{color:#555555;border-color:#555555;}.wp-block-kadence-advancedbtn.kt-btns57_ad7f55-b5 .kt-btn-wrap-0 .kt-button:hover, .wp-block-kadence-advancedbtn.kt-btns57_ad7f55-b5 .kt-btn-wrap-0 .kt-button:focus{color:#ffffff;border-color:#444444;}.wp-block-kadence-advancedbtn.kt-btns57_ad7f55-b5 .kt-btn-wrap-0 .kt-button::before{display:none;}.wp-block-kadence-advancedbtn.kt-btns57_ad7f55-b5 .kt-btn-wrap-0 .kt-button:hover, .wp-block-kadence-advancedbtn.kt-btns57_ad7f55-b5 .kt-btn-wrap-0 .kt-button:focus{background:#444444;}<\/style>\n<div class=\"wp-block-kadence-advancedbtn kb-buttons-wrap kb-btns57_ad7f55-b5\"><style>ul.menu .wp-block-kadence-advancedbtn .kb-btn57_06d30a-08.kb-button{width:initial;}<\/style><a class=\"kb-button kt-button button kb-btn57_06d30a-08 kt-btn-size-xlarge kt-btn-width-type-auto kb-btn-global-fill  kt-btn-has-text-true kt-btn-has-svg-true  wp-block-kadence-singlebtn\" href=\"https:\/\/olejniktattoo.com\/zapisy\/\"><span class=\"kb-svg-icon-wrap kb-svg-icon-fas_calendar-check kt-btn-icon-side-left\"><svg viewBox=\"0 0 448 512\"  fill=\"currentColor\" xmlns=\"http:\/\/www.w3.org\/2000\/svg\"  aria-hidden=\"true\"><path d=\"M436 160H12c-6.627 0-12-5.373-12-12v-36c0-26.51 21.49-48 48-48h48V12c0-6.627 5.373-12 12-12h40c6.627 0 12 5.373 12 12v52h128V12c0-6.627 5.373-12 12-12h40c6.627 0 12 5.373 12 12v52h48c26.51 0 48 21.49 48 48v36c0 6.627-5.373 12-12 12zM12 192h424c6.627 0 12 5.373 12 12v260c0 26.51-21.49 48-48 48H48c-26.51 0-48-21.49-48-48V204c0-6.627 5.373-12 12-12zm333.296 95.947l-28.169-28.398c-4.667-4.705-12.265-4.736-16.97-.068L194.12 364.665l-45.98-46.352c-4.667-4.705-12.266-4.736-16.971-.068l-28.397 28.17c-4.705 4.667-4.736 12.265-.068 16.97l82.601 83.269c4.667 4.705 12.265 4.736 16.97.068l142.953-141.805c4.705-4.667 4.736-12.265.068-16.97z\"\/><\/svg><\/span><span class=\"kt-btn-inner-text\">Zapisz si\u0119<\/span><\/a><\/div>\n<\/div><\/div>\n\n<\/div><\/div>\n\n<style>.wp-block-kadence-spacer.kt-block-spacer-57_f82f56-07 .kt-block-spacer{height:100px;}.wp-block-kadence-spacer.kt-block-spacer-57_f82f56-07 .kt-divider{border-top-width:2px;border-top-color:var(--global-palette2, #2B6CB0);width:80%;border-top-style:solid;}<\/style>\n<div class=\"wp-block-kadence-spacer aligncenter kt-block-spacer-57_f82f56-07\"><div class=\"kt-block-spacer kt-block-spacer-halign-center\"><hr class=\"kt-divider\"\/><\/div><\/div>\n\n\n<style>.wp-block-kadence-advancedheading.kt-adv-heading57_47a1a6-71, .wp-block-kadence-advancedheading.kt-adv-heading57_47a1a6-71[data-kb-block=\"kb-adv-heading57_47a1a6-71\"]{text-align:center;font-style:normal;}.wp-block-kadence-advancedheading.kt-adv-heading57_47a1a6-71 mark.kt-highlight, .wp-block-kadence-advancedheading.kt-adv-heading57_47a1a6-71[data-kb-block=\"kb-adv-heading57_47a1a6-71\"] mark.kt-highlight{font-style:normal;color:#f76a0c;-webkit-box-decoration-break:clone;box-decoration-break:clone;padding-top:0px;padding-right:0px;padding-bottom:0px;padding-left:0px;}.wp-block-kadence-advancedheading.kt-adv-heading57_47a1a6-71 img.kb-inline-image, .wp-block-kadence-advancedheading.kt-adv-heading57_47a1a6-71[data-kb-block=\"kb-adv-heading57_47a1a6-71\"] img.kb-inline-image{width:150px;vertical-align:baseline;}<\/style>\n<h2 class=\"kt-adv-heading57_47a1a6-71 wp-block-kadence-advancedheading has-theme-palette-3-color has-text-color\" data-kb-block=\"kb-adv-heading57_47a1a6-71\">Moje studio tatua\u017cu w Cz\u0119stochowie<\/h2>\n\n\n<style>.kb-google-maps-container57_6e3d64-da{height:450px;}<\/style><div class=\"kb-google-maps-container kb-google-maps-container57_6e3d64-da  wp-block-kadence-googlemaps\" data-mapid=\"57_6e3d64da\"><iframe width=\"100%\" height=\"100%\"\n\t\t\t\t\t\t\tstyle=\"border:0\" loading=\"lazy\"\n\t\t\t\t\t\t\tsrc=\"https:\/\/www.google.com\/maps\/embed\/v1\/place?key=AIzaSyBAM2o7PiQqwk15LC1XRH2e_KJ-jUa7KYk&#038;zoom=16&#038;maptype=roadmap&#038;q=Olejnik+tattoo\"\n\t\t\t\t\t\t\ttitle=\"Google map of Olejnik tattoo\"><\/iframe><\/div><script>function kb_google_map57_6e3d64da() { let center = { lat: 37.8201, lng: -122.4781}; let map = new google.maps.Map(document.getElementById(\"kb-google-map57_6e3d64da\"), {\n\t\t\t\t\t    zoom: 16,\n\t\t\t\t\t    center: center,});let marker = new google.maps.Marker({   position: { lat: 37.8201, lng: -122.4781},    map: map,  });}<\/script>\n\n<style>.wp-block-kadence-spacer.kt-block-spacer-57_08b9d9-0f .kt-block-spacer{height:100px;}.wp-block-kadence-spacer.kt-block-spacer-57_08b9d9-0f .kt-divider{border-top-width:2px;border-top-color:var(--global-palette2, #2B6CB0);width:80%;border-top-style:solid;}<\/style>\n<div class=\"wp-block-kadence-spacer aligncenter kt-block-spacer-57_08b9d9-0f\"><div class=\"kt-block-spacer kt-block-spacer-halign-center\"><hr class=\"kt-divider\"\/><\/div><\/div>\n","protected":false},"excerpt":{"rendered":"<p>Kontakt \u2013 Olejnik Tattoo Cz\u0119stochowa Masz pytania dotycz\u0105ce tatua\u017cu, dost\u0119pnych termin\u00f3w lub wolnych wzor\u00f3w?Napisz wiadomo\u015b\u0107 z przyjemno\u015bci\u0105 odpowiem!Studio tatua\u017cu Olejnik Tattoo znajduje si\u0119 w Cz\u0119stochowie, w spokojnej i kameralnej lokalizacji.Zapraszam do kontaktu \u2013 razem stworzymy co\u015b pi\u0119knego \ud83d\udcac\u2728 Um\u00f3w si\u0119 na tatua\u017c przez formularz kontaktowy! Moje studio tatua\u017cu w Cz\u0119stochowie<\/p>","protected":false},"author":1,"featured_media":0,"parent":0,"menu_order":0,"comment_status":"closed","ping_status":"closed","template":"","meta":{"_kad_blocks_custom_css":"","_kad_blocks_head_custom_js":"","_kad_blocks_body_custom_js":"","_kad_blocks_footer_custom_js":"","_kadence_starter_templates_imported_post":false,"_kad_post_transparent":"","_kad_post_title":"hide","_kad_post_layout":"normal","_kad_post_sidebar_id":"","_kad_post_content_style":"","_kad_post_vertical_padding":"","_kad_post_feature":"","_kad_post_feature_position":"","_kad_post_header":false,"_kad_post_footer":false,"footnotes":""},"class_list":["post-57","page","type-page","status-publish","hentry"],"yoast_head":"<!-- This site is optimized with the Yoast SEO plugin v27.4 - https:\/\/yoast.com\/product\/yoast-seo-wordpress\/ -->\n<title>Kontakt \u2022 Olejnik Tattoo \u2013 Studio tatua\u017cu Cz\u0119stochowa<\/title>\n<meta name=\"description\" content=\"Skontaktuj si\u0119 z Olejnik Tattoo w Cz\u0119stochowie. Um\u00f3w wizyt\u0119 lub zapytaj o wolne wzory. Tatua\u017ce kobiece, kwiatowe, fineline i wi\u0119cej.\" \/>\n<meta name=\"robots\" content=\"index, follow, max-snippet:-1, max-image-preview:large, max-video-preview:-1\" \/>\n<link rel=\"canonical\" href=\"https:\/\/olejniktattoo.com\/english\/kontakt\/\" \/>\n<meta property=\"og:locale\" content=\"en_GB\" \/>\n<meta property=\"og:type\" content=\"article\" \/>\n<meta property=\"og:title\" content=\"Kontakt \u2022 Olejnik Tattoo \u2013 Studio tatua\u017cu Cz\u0119stochowa\" \/>\n<meta property=\"og:description\" content=\"Skontaktuj si\u0119 z Olejnik Tattoo w Cz\u0119stochowie. Um\u00f3w wizyt\u0119 lub zapytaj o wolne wzory. Tatua\u017ce kobiece, kwiatowe, fineline i wi\u0119cej.\" \/>\n<meta property=\"og:url\" content=\"https:\/\/olejniktattoo.com\/english\/kontakt\/\" \/>\n<meta property=\"og:site_name\" content=\"Olejnik Tattoo\" \/>\n<meta property=\"article:modified_time\" content=\"2026-04-16T14:31:24+00:00\" \/>\n<meta name=\"twitter:card\" content=\"summary_large_image\" \/>\n<meta name=\"twitter:label1\" content=\"Estimated reading time\" \/>\n\t<meta name=\"twitter:data1\" content=\"1 minute\" \/>\n<!-- \/ Yoast SEO plugin. -->","yoast_head_json":{"title":"Contact - Olejnik Tattoo - Tattoo Studio Cz\u0119stochowa","description":"Get in touch with Olejnik Tattoo in Cz\u0119stochowa. Make an appointment or ask about free designs. Feminine tattoos, floral tattoos, fineline tattoos and more.","robots":{"index":"index","follow":"follow","max-snippet":"max-snippet:-1","max-image-preview":"max-image-preview:large","max-video-preview":"max-video-preview:-1"},"canonical":"https:\/\/olejniktattoo.com\/english\/kontakt\/","og_locale":"en_GB","og_type":"article","og_title":"Kontakt \u2022 Olejnik Tattoo \u2013 Studio tatua\u017cu Cz\u0119stochowa","og_description":"Skontaktuj si\u0119 z Olejnik Tattoo w Cz\u0119stochowie. Um\u00f3w wizyt\u0119 lub zapytaj o wolne wzory. Tatua\u017ce kobiece, kwiatowe, fineline i wi\u0119cej.","og_url":"https:\/\/olejniktattoo.com\/english\/kontakt\/","og_site_name":"Olejnik Tattoo","article_modified_time":"2026-04-16T14:31:24+00:00","twitter_card":"summary_large_image","twitter_misc":{"Estimated reading time":"1 minute"},"schema":{"@context":"https:\/\/schema.org","@graph":[{"@type":"WebPage","@id":"https:\/\/olejniktattoo.com\/kontakt\/","url":"https:\/\/olejniktattoo.com\/kontakt\/","name":"Contact - Olejnik Tattoo - Tattoo Studio Cz\u0119stochowa","isPartOf":{"@id":"https:\/\/olejniktattoo.com\/#website"},"datePublished":"2025-02-23T16:14:45+00:00","dateModified":"2026-04-16T14:31:24+00:00","description":"Get in touch with Olejnik Tattoo in Cz\u0119stochowa. Make an appointment or ask about free designs. Feminine tattoos, floral tattoos, fineline tattoos and more.","breadcrumb":{"@id":"https:\/\/olejniktattoo.com\/kontakt\/#breadcrumb"},"inLanguage":"en-GB","potentialAction":[{"@type":"ReadAction","target":["https:\/\/olejniktattoo.com\/kontakt\/"]}]},{"@type":"BreadcrumbList","@id":"https:\/\/olejniktattoo.com\/kontakt\/#breadcrumb","itemListElement":[{"@type":"ListItem","position":1,"name":"Strona g\u0142\u00f3wna","item":"https:\/\/olejniktattoo.com\/"},{"@type":"ListItem","position":2,"name":"Kontakt"}]},{"@type":"WebSite","@id":"https:\/\/olejniktattoo.com\/#website","url":"https:\/\/olejniktattoo.com\/","name":"Olejnik Tattoo","description":"","publisher":{"@id":"https:\/\/olejniktattoo.com\/#\/schema\/person\/14b22474c95a4503d2499eb9e247ee3a"},"potentialAction":[{"@type":"SearchAction","target":{"@type":"EntryPoint","urlTemplate":"https:\/\/olejniktattoo.com\/?s={search_term_string}"},"query-input":{"@type":"PropertyValueSpecification","valueRequired":true,"valueName":"search_term_string"}}],"inLanguage":"en-GB"},{"@type":["Person","Organization"],"@id":"https:\/\/olejniktattoo.com\/#\/schema\/person\/14b22474c95a4503d2499eb9e247ee3a","name":"Olejnik Tattoo","image":{"@type":"ImageObject","inLanguage":"en-GB","@id":"https:\/\/olejniktattoo.com\/wp-content\/uploads\/2025\/02\/cropped-Grafika_bez_nazwy-2-1.png","url":"https:\/\/olejniktattoo.com\/wp-content\/uploads\/2025\/02\/cropped-Grafika_bez_nazwy-2-1.png","contentUrl":"https:\/\/olejniktattoo.com\/wp-content\/uploads\/2025\/02\/cropped-Grafika_bez_nazwy-2-1.png","width":2474,"height":1192,"caption":"Olejnik Tattoo"},"logo":{"@id":"https:\/\/olejniktattoo.com\/wp-content\/uploads\/2025\/02\/cropped-Grafika_bez_nazwy-2-1.png"},"sameAs":["http:\/\/olejniktattoo.com"]}]}},"taxonomy_info":[],"featured_image_src_large":false,"author_info":{"display_name":"Olejnik Tattoo","author_link":"https:\/\/olejniktattoo.com\/english\/author\/adminuga\/"},"comment_info":0,"_links":{"self":[{"href":"https:\/\/olejniktattoo.com\/english\/wp-json\/wp\/v2\/pages\/57","targetHints":{"allow":["GET"]}}],"collection":[{"href":"https:\/\/olejniktattoo.com\/english\/wp-json\/wp\/v2\/pages"}],"about":[{"href":"https:\/\/olejniktattoo.com\/english\/wp-json\/wp\/v2\/types\/page"}],"author":[{"embeddable":true,"href":"https:\/\/olejniktattoo.com\/english\/wp-json\/wp\/v2\/users\/1"}],"replies":[{"embeddable":true,"href":"https:\/\/olejniktattoo.com\/english\/wp-json\/wp\/v2\/comments?post=57"}],"version-history":[{"count":43,"href":"https:\/\/olejniktattoo.com\/english\/wp-json\/wp\/v2\/pages\/57\/revisions"}],"predecessor-version":[{"id":735,"href":"https:\/\/olejniktattoo.com\/english\/wp-json\/wp\/v2\/pages\/57\/revisions\/735"}],"wp:attachment":[{"href":"https:\/\/olejniktattoo.com\/english\/wp-json\/wp\/v2\/media?parent=57"}],"curies":[{"name":"wp","href":"https:\/\/api.w.org\/{rel}","templated":true}]}}